{"id":3230,"date":"2025-06-19T12:35:00","date_gmt":"2025-06-19T12:35:00","guid":{"rendered":"https:\/\/bilimtur.com.tr\/?page_id=3230"},"modified":"2025-06-20T17:19:43","modified_gmt":"2025-06-20T17:19:43","slug":"the-gate","status":"publish","type":"page","link":"https:\/\/bilimtur.com.tr\/en\/the-gate\/","title":{"rendered":"The Gate"},"content":{"rendered":"<div class=\"wp-block-uagb-container uagb-block-14c937e2 alignfull uagb-is-root-container\">\n<div class=\"wp-block-uagb-info-box uagb-block-4bc80c4c uagb-infobox__content-wrap  uagb-infobox-icon-above-title uagb-infobox-image-valign-top\"><div class=\"uagb-ifb-content\"><div class=\"uagb-ifb-title-wrap\"><h1 class=\"uagb-ifb-title-prefix\">PRIVATE TUTORING<\/h1><h1 class=\"uagb-ifb-title\">The Gate: Learn, Grow, Go Global<\/h1><\/div><p class=\"uagb-ifb-desc\"><strong><strong><strong><strong>Expert English Teaching &amp; International Pathways Online<\/strong><\/strong><\/strong><\/strong><\/p><\/div><\/div>\n\n\n\n<div class=\"wp-block-uagb-container uagb-block-d9ee704f alignfull uagb-is-root-container\">\n<div class=\"wp-block-group is-vertical is-layout-flex wp-container-core-group-is-layout-fe9cc265 wp-block-group-is-layout-flex\">\n<div class=\"wp-block-group is-vertical is-layout-flex wp-container-core-group-is-layout-fe9cc265 wp-block-group-is-layout-flex\">\n<div class=\"wp-block-group is-vertical is-layout-flex wp-container-core-group-is-layout-fe9cc265 wp-block-group-is-layout-flex\">\n<div class=\"wp-block-uagb-container uagb-block-3fe7a52a\">\n<figure class=\"wp-block-image size-full\"><img loading=\"lazy\" decoding=\"async\" width=\"800\" height=\"800\" src=\"https:\/\/bilimtur.com.tr\/wp-content\/uploads\/2025\/06\/image-2.png\" alt=\"\" class=\"wp-image-3233\" srcset=\"https:\/\/bilimtur.com.tr\/wp-content\/uploads\/2025\/06\/image-2.png 800w, https:\/\/bilimtur.com.tr\/wp-content\/uploads\/2025\/06\/image-2-300x300.png 300w, https:\/\/bilimtur.com.tr\/wp-content\/uploads\/2025\/06\/image-2-150x150.png 150w, https:\/\/bilimtur.com.tr\/wp-content\/uploads\/2025\/06\/image-2-768x768.png 768w, https:\/\/bilimtur.com.tr\/wp-content\/uploads\/2025\/06\/image-2-12x12.png 12w\" sizes=\"auto, (max-width: 800px) 100vw, 800px\" \/><\/figure>\n<\/div>\n\n\n\n<div class=\"wp-block-columns is-layout-flex wp-container-core-columns-is-layout-28f84493 wp-block-columns-is-layout-flex\">\n<div class=\"wp-block-column is-layout-flow wp-block-column-is-layout-flow\" style=\"flex-basis:100%\">\n<p>After decades of working with schools and private clients, I\u2019m excited to bring my experience into a flexible online format\u2014making high-quality, personalized instruction accessible wherever you are. Whether you\u2019re a parent seeking the right support for your child, or a student striving to reach the next level of fluency, I\u2019m here to help you succeed.<\/p>\n\n\n\n<p><br>I\u2019m an experienced, certified language teacher with over 20 years of expertise helping learners of all ages and backgrounds achieve their English language goals. Based in California, I now offer online ESL instruction designed to support the diverse needs of students around the world.<\/p>\n\n\n\n<p><strong>Sercen G\u00f6kce<\/strong><\/p>\n<\/div>\n<\/div>\n<\/div>\n\n\n\n<p><strong> Why Choose The Gate?<\/strong><br><\/p>\n<\/div>\n\n\n\n<div class=\"wp-block-group is-horizontal is-content-justification-center is-layout-flex wp-container-core-group-is-layout-8558f6ec wp-block-group-is-layout-flex\">\n<div class=\"wp-block-uagb-container uagb-block-d1df0bec\">\n<div class=\"wp-block-uagb-advanced-heading uagb-block-27ba314e\"><h2 class=\"uagb-heading-text\">01<\/h2><\/div>\n\n\n\n<div class=\"wp-block-uagb-info-box uagb-block-d489709a uagb-infobox__content-wrap  uagb-infobox-icon-above-title uagb-infobox-image-valign-top\"><div class=\"uagb-ifb-content\"><div class=\"uagb-ifb-title-wrap\"><h5 class=\"uagb-ifb-title\"><strong>Adults preparing for TOEFL and IELTS exams<\/strong><\/h5><\/div><p class=\"uagb-ifb-desc\">I focus on speaking, conversation, and presentation skills, offering strategic, results-driven preparation for those pursuing academic, professional, or immigration goals.<br><br><\/p><\/div><\/div>\n<\/div>\n\n\n\n<div class=\"wp-block-uagb-container uagb-block-00c0436a\">\n<div class=\"wp-block-uagb-advanced-heading uagb-block-896cc331\"><h2 class=\"uagb-heading-text\">02<\/h2><\/div>\n\n\n\n<div class=\"wp-block-uagb-info-box uagb-block-5c7a624b uagb-infobox__content-wrap  uagb-infobox-icon-above-title uagb-infobox-image-valign-top\"><div class=\"uagb-ifb-content\"><div class=\"uagb-ifb-title-wrap\"><h5 class=\"uagb-ifb-title\"><strong>Elementary and high school students<\/strong><\/h5><\/div><p class=\"uagb-ifb-desc\">I offer structured, engaging lessons tailored to school curricula, helping students strengthen their academic English skills and stay ahead in class.<br><br><\/p><\/div><\/div>\n<\/div>\n\n\n\n<div class=\"wp-block-uagb-container uagb-block-daf01849\">\n<div class=\"wp-block-uagb-advanced-heading uagb-block-374a755d\"><h2 class=\"uagb-heading-text\">03<\/h2><\/div>\n\n\n\n<div class=\"wp-block-uagb-info-box uagb-block-a8354b04 uagb-infobox__content-wrap  uagb-infobox-icon-above-title uagb-infobox-image-valign-top\"><div class=\"uagb-ifb-content\"><div class=\"uagb-ifb-title-wrap\"><h5 class=\"uagb-ifb-title\"><strong>Children with learning disabilities and speech impairments<\/strong><\/h5><\/div><p class=\"uagb-ifb-desc\">I provide a patient, adaptive, and supportive approach that helps each child build confidence and improve communication at their own pace.<br><\/p><\/div><\/div>\n<\/div>\n<\/div>\n<\/div>\n<\/div>\n<\/div>\n\n\n\n<div class=\"wp-block-uagb-container uagb-block-27a40cf1 alignfull uagb-is-root-container\"><div class=\"uagb-container-inner-blocks-wrap\"><\/div><\/div>\n\n\n\n<ul class=\"wp-block-social-links aligncenter is-content-justification-space-between is-layout-flex wp-container-core-social-links-is-layout-b2891da8 wp-block-social-links-is-layout-flex\"><li class=\"wp-social-link wp-social-link-linkedin  wp-block-social-link\"><a href=\"https:\/\/www.linkedin.com\/in\/sercen-gokce\/\" class=\"wp-block-social-link-anchor\"><svg width=\"24\" height=\"24\" viewbox=\"0 0 24 24\" version=\"1.1\" xmlns=\"http:\/\/www.w3.org\/2000\/svg\" aria-hidden=\"true\" focusable=\"false\"><path d=\"M19.7,3H4.3C3.582,3,3,3.582,3,4.3v15.4C3,20.418,3.582,21,4.3,21h15.4c0.718,0,1.3-0.582,1.3-1.3V4.3 C21,3.582,20.418,3,19.7,3z M8.339,18.338H5.667v-8.59h2.672V18.338z M7.004,8.574c-0.857,0-1.549-0.694-1.549-1.548 c0-0.855,0.691-1.548,1.549-1.548c0.854,0,1.547,0.694,1.547,1.548C8.551,7.881,7.858,8.574,7.004,8.574z M18.339,18.338h-2.669 v-4.177c0-0.996-0.017-2.278-1.387-2.278c-1.389,0-1.601,1.086-1.601,2.206v4.249h-2.667v-8.59h2.559v1.174h0.037 c0.356-0.675,1.227-1.387,2.526-1.387c2.703,0,3.203,1.779,3.203,4.092V18.338z\"><\/path><\/svg><span class=\"wp-block-social-link-label screen-reader-text\">LinkedIn<\/span><\/a><\/li>\n\n<\/ul>","protected":false},"excerpt":{"rendered":"<p>Y\u0131llarca okullarla ve bireysel \u00f6\u011frencilerle \u00e7al\u0131\u015ft\u0131ktan sonra, deneyimimi esnek ve \u00e7evrim i\u00e7i bir formatta sunmaktan heyecan duyuyorum. Art\u0131k kaliteli ve ki\u015fiye \u00f6zel e\u011fitimi, bulundu\u011funuz her yerden eri\u015filebilir hale getiriyorum. \u0130ster \u00e7ocu\u011funuz i\u00e7in do\u011fru deste\u011fi arayan bir ebeveyn olun, ister dil yeterlili\u011finde bir \u00fcst seviyeye \u00e7\u0131kmak isteyen bir \u00f6\u011frenci, ba\u015far\u0131n\u0131za destek olmak i\u00e7in buraday\u0131m. 20 y\u0131l\u0131 [&hellip;]<\/p>","protected":false},"author":1,"featured_media":0,"parent":0,"menu_order":0,"comment_status":"closed","ping_status":"closed","template":"","meta":{"_uag_custom_page_level_css":"","site-sidebar-layout":"no-sidebar","site-content-layout":"","ast-site-content-layout":"full-width-container","site-content-style":"unboxed","site-sidebar-style":"unboxed","ast-global-header-display":"","ast-banner-title-visibility":"","ast-main-header-display":"","ast-hfb-above-header-display":"","ast-hfb-below-header-display":"","ast-hfb-mobile-header-display":"","site-post-title":"disabled","ast-breadcrumbs-content":"","ast-featured-img":"disabled","footer-sml-layout":"","theme-transparent-header-meta":"enabled","adv-header-id-meta":"","stick-header-meta":"","header-above-stick-meta":"","header-main-stick-meta":"","header-below-stick-meta":"","astra-migrate-meta-layouts":"set","ast-page-background-enabled":"default","ast-page-background-meta":{"desktop":{"background-color":"var(--ast-global-color-4)","background-image":"","background-repeat":"repeat","background-position":"center center","background-size":"auto","background-attachment":"scroll","background-type":"","background-media":"","overlay-type":"","overlay-color":"","overlay-opacity":"","overlay-gradient":""},"tablet":{"background-color":"","background-image":"","background-repeat":"repeat","background-position":"center center","background-size":"auto","background-attachment":"scroll","background-type":"","background-media":"","overlay-type":"","overlay-color":"","overlay-opacity":"","overlay-gradient":""},"mobile":{"background-color":"","background-image":"","background-repeat":"repeat","background-position":"center center","background-size":"auto","background-attachment":"scroll","background-type":"","background-media":"","overlay-type":"","overlay-color":"","overlay-opacity":"","overlay-gradient":""}},"ast-content-background-meta":{"desktop":{"background-color":"var(--ast-global-color-5)","background-image":"","background-repeat":"repeat","background-position":"center center","background-size":"auto","background-attachment":"scroll","background-type":"","background-media":"","overlay-type":"","overlay-color":"","overlay-opacity":"","overlay-gradient":""},"tablet":{"background-color":"var(--ast-global-color-5)","background-image":"","background-repeat":"repeat","background-position":"center center","background-size":"auto","background-attachment":"scroll","background-type":"","background-media":"","overlay-type":"","overlay-color":"","overlay-opacity":"","overlay-gradient":""},"mobile":{"background-color":"var(--ast-global-color-5)","background-image":"","background-repeat":"repeat","background-position":"center center","background-size":"auto","background-attachment":"scroll","background-type":"","background-media":"","overlay-type":"","overlay-color":"","overlay-opacity":"","overlay-gradient":""}},"footnotes":""},"class_list":["post-3230","page","type-page","status-publish","hentry"],"aioseo_notices":[],"uagb_featured_image_src":{"full":false,"thumbnail":false,"medium":false,"medium_large":false,"large":false,"1536x1536":false,"2048x2048":false,"trp-custom-language-flag":false},"uagb_author_info":{"display_name":"bilimtur.com.tr","author_link":"https:\/\/bilimtur.com.tr\/en\/author\/seagreen-gorilla-661121-hostingersite-com\/"},"uagb_comment_info":0,"uagb_excerpt":"Y\u0131llarca okullarla ve bireysel \u00f6\u011frencilerle \u00e7al\u0131\u015ft\u0131ktan sonra, deneyimimi esnek ve \u00e7evrim i\u00e7i bir formatta sunmaktan heyecan duyuyorum. Art\u0131k kaliteli ve ki\u015fiye \u00f6zel e\u011fitimi, bulundu\u011funuz her yerden eri\u015filebilir hale getiriyorum. \u0130ster \u00e7ocu\u011funuz i\u00e7in do\u011fru deste\u011fi arayan bir ebeveyn olun, ister dil yeterlili\u011finde bir \u00fcst seviyeye \u00e7\u0131kmak isteyen bir \u00f6\u011frenci, ba\u015far\u0131n\u0131za destek olmak i\u00e7in buraday\u0131m. 20 y\u0131l\u0131&hellip;","_links":{"self":[{"href":"https:\/\/bilimtur.com.tr\/en\/wp-json\/wp\/v2\/pages\/3230","targetHints":{"allow":["GET"]}}],"collection":[{"href":"https:\/\/bilimtur.com.tr\/en\/wp-json\/wp\/v2\/pages"}],"about":[{"href":"https:\/\/bilimtur.com.tr\/en\/wp-json\/wp\/v2\/types\/page"}],"author":[{"embeddable":true,"href":"https:\/\/bilimtur.com.tr\/en\/wp-json\/wp\/v2\/users\/1"}],"replies":[{"embeddable":true,"href":"https:\/\/bilimtur.com.tr\/en\/wp-json\/wp\/v2\/comments?post=3230"}],"version-history":[{"count":41,"href":"https:\/\/bilimtur.com.tr\/en\/wp-json\/wp\/v2\/pages\/3230\/revisions"}],"predecessor-version":[{"id":3300,"href":"https:\/\/bilimtur.com.tr\/en\/wp-json\/wp\/v2\/pages\/3230\/revisions\/3300"}],"wp:attachment":[{"href":"https:\/\/bilimtur.com.tr\/en\/wp-json\/wp\/v2\/media?parent=3230"}],"curies":[{"name":"wp","href":"https:\/\/api.w.org\/{rel}","templated":true}]}}