{"id":1399,"date":"2024-05-09T05:32:40","date_gmt":"2024-05-09T05:32:40","guid":{"rendered":"https:\/\/bilimtur.com.tr\/contact\/"},"modified":"2025-06-19T11:35:18","modified_gmt":"2025-06-19T11:35:18","slug":"iletisim","status":"publish","type":"page","link":"https:\/\/bilimtur.com.tr\/en\/iletisim\/","title":{"rendered":"\u0130leti\u015fim"},"content":{"rendered":"<div class=\"wp-block-uagb-container uagb-block-79a8b70d alignfull uagb-is-root-container\"><div class=\"uagb-container-inner-blocks-wrap\">\n<div class=\"wp-block-uagb-info-box uagb-block-800ea0e1 uagb-infobox__content-wrap  uagb-infobox-icon-above-title uagb-infobox-image-valign-top\"><div class=\"uagb-ifb-content\"><div class=\"uagb-ifb-title-wrap\"><span class=\"uagb-ifb-title-prefix\">Contact<\/span><h1 class=\"uagb-ifb-title\">Have questions about the services we provide?<\/h1><\/div><p class=\"uagb-ifb-desc\"><br>We\u2019re here to help you navigate your educational journey. Whether you need assistance with university placements, test preparations, or have general inquiries about studying abroad, our team is ready to provide you with the support you need.<\/p><\/div><\/div>\n\n\n\n<div class=\"wp-block-uagb-container uagb-block-a25f9b60\">\n<div class=\"wp-block-uagb-info-box uagb-block-418f3685 uagb-infobox__content-wrap  uagb-infobox-icon-above-title uagb-infobox-image-valign-top\"><div class=\"uagb-ifb-content\"><div class=\"uagb-ifb-title-wrap\"><\/div><p class=\"uagb-ifb-desc\"><br>For all general queries:<\/p><div class=\"uagb-ifb-button-wrapper wp-block-button\"><a href=\"#\" target=\"_self\" onclick=\"return false;\" class=\"uagb-infobox-cta-link\" rel=\"noopener noreferrer\"><span class=\"uagb-inline-editing\">contact@bilimtur.com.tr<\/span><\/a><\/div><\/div><\/div>\n<\/div>\n\n\n\n<div class=\"wp-block-uagb-container uagb-block-4a6c9356\">\n<div class=\"wp-block-uagb-container uagb-block-377c81a5\">\n<div class=\"wp-block-uagb-info-box uagb-block-acb6512e uagb-infobox__content-wrap  uagb-infobox-icon-above-title uagb-infobox-image-valign-top\"><div class=\"uagb-ifb-content\"><div class=\"uagb-ifb-title-wrap\"><h6 class=\"uagb-ifb-title\">Address<\/h6><\/div><p class=\"uagb-ifb-desc\">\u0130zmir 2 Caddesi 47\/8 K\u0131z\u0131lay-\u00c7ankaya\/ANKARA&nbsp;<\/p><div class=\"uagb-ifb-button-wrapper wp-block-button\"><a href=\"#\" target=\"_self\" onclick=\"return false;\" class=\"uagb-infobox-cta-link\" rel=\"noopener noreferrer\"><svg xmlns=\"https:\/\/www.w3.org\/2000\/svg\" viewbox=\"0 0 512 512\"><path d=\"M160 416H96c-17.67 0-32-14.33-32-32V128c0-17.67 14.33-32 32-32h64c17.67 0 32-14.33 32-32S177.7 32 160 32H96C42.98 32 0 74.98 0 128v256c0 53.02 42.98 96 96 96h64c17.67 0 32-14.33 32-32S177.7 416 160 416zM502.6 233.4l-128-128c-12.51-12.51-32.76-12.49-45.25 0c-12.5 12.5-12.5 32.75 0 45.25L402.8 224H192C174.3 224 160 238.3 160 256s14.31 32 32 32h210.8l-73.38 73.38c-12.5 12.5-12.5 32.75 0 45.25s32.75 12.5 45.25 0l128-128C515.1 266.1 515.1 245.9 502.6 233.4z\"><\/path><\/svg><span class=\"uagb-inline-editing\">Get directions<\/span><\/a><\/div><\/div><\/div>\n<\/div>\n\n\n\n<div class=\"wp-block-uagb-container uagb-block-eb8860af\">\n<div class=\"wp-block-uagb-advanced-heading uagb-block-51d36457\"><h6 class=\"uagb-heading-text\">Working Hours<\/h6><p class=\"uagb-desc-text\">Mon - Sat 10:00 -18:00<br>Sun: Closed<\/p><\/div>\n<\/div>\n\n\n\n<div class=\"wp-block-uagb-container uagb-block-1639fcc9\">\n<div class=\"wp-block-uagb-advanced-heading uagb-block-5db0f664\"><h6 class=\"uagb-heading-text\">Phone<\/h6><p class=\"uagb-desc-text\">+90 312 417 0450<br><\/p><\/div>\n<\/div>\n<\/div>\n<\/div><\/div>\n\n\n\n<div class=\"wp-block-uagb-container uagb-block-6cf1f34a alignfull uagb-is-root-container\">\t\t\t<div \n\t\t\tclass=\"wp-block-uagb-google-map uagb-google-map__wrap uagb-block-8adae433\"\n\t\t\tstyle=\"\" >\n\t\t\t\t<embed\n\t\t\t\t\tclass=\"uagb-google-map__iframe\"\n\t\t\t\t\ttitle=\"Google Map for \"\n\t\t\t\t\tsrc=\"https:\/\/maps.google.com\/maps?q=bilimtur&#038;z=14&#038;hl=en&#038;t=m&#038;output=embed&#038;iwloc=near\"\n\t\t\t\t\twidth=\"640\"\n\t\t\t\t\theight=\"480\"\n\t\t\t\t\tloading=\"lazy\"\n\t\t\t\t><\/embed>\n\t\t\t<\/div>\n\t\t\t<\/div>","protected":false},"excerpt":{"rendered":"<p>\u00c7al\u0131\u015fma saatleri Pzt &#8211; Cmt 10:00-18:00Pzr: Kapal\u0131 telefon +90 312 417 0450<\/p>","protected":false},"author":1,"featured_media":0,"parent":0,"menu_order":0,"comment_status":"closed","ping_status":"closed","template":"","meta":{"_uag_custom_page_level_css":"","site-sidebar-layout":"no-sidebar","site-content-layout":"page-builder","ast-site-content-layout":"full-width-container","site-content-style":"unboxed","site-sidebar-style":"unboxed","ast-global-header-display":"","ast-banner-title-visibility":"","ast-main-header-display":"","ast-hfb-above-header-display":"","ast-hfb-below-header-display":"","ast-hfb-mobile-header-display":"","site-post-title":"disabled","ast-breadcrumbs-content":"","ast-featured-img":"disabled","footer-sml-layout":"","theme-transparent-header-meta":"enabled","adv-header-id-meta":"","stick-header-meta":"","header-above-stick-meta":"","header-main-stick-meta":"","header-below-stick-meta":"","astra-migrate-meta-layouts":"set","ast-page-background-enabled":"default","ast-page-background-meta":{"desktop":{"background-color":"var(--ast-global-color-4)","background-image":"","background-repeat":"repeat","background-position":"center center","background-size":"auto","background-attachment":"scroll","background-type":"","background-media":"","overlay-type":"","overlay-color":"","overlay-opacity":"","overlay-gradient":""},"tablet":{"background-color":"","background-image":"","background-repeat":"repeat","background-position":"center center","background-size":"auto","background-attachment":"scroll","background-type":"","background-media":"","overlay-type":"","overlay-color":"","overlay-opacity":"","overlay-gradient":""},"mobile":{"background-color":"","background-image":"","background-repeat":"repeat","background-position":"center center","background-size":"auto","background-attachment":"scroll","background-type":"","background-media":"","overlay-type":"","overlay-color":"","overlay-opacity":"","overlay-gradient":""}},"ast-content-background-meta":{"desktop":{"background-color":"var(--ast-global-color-5)","background-image":"","background-repeat":"repeat","background-position":"center center","background-size":"auto","background-attachment":"scroll","background-type":"","background-media":"","overlay-type":"","overlay-color":"","overlay-opacity":"","overlay-gradient":""},"tablet":{"background-color":"var(--ast-global-color-5)","background-image":"","background-repeat":"repeat","background-position":"center center","background-size":"auto","background-attachment":"scroll","background-type":"","background-media":"","overlay-type":"","overlay-color":"","overlay-opacity":"","overlay-gradient":""},"mobile":{"background-color":"var(--ast-global-color-5)","background-image":"","background-repeat":"repeat","background-position":"center center","background-size":"auto","background-attachment":"scroll","background-type":"","background-media":"","overlay-type":"","overlay-color":"","overlay-opacity":"","overlay-gradient":""}},"footnotes":""},"class_list":["post-1399","page","type-page","status-publish","hentry"],"aioseo_notices":[],"uagb_featured_image_src":{"full":false,"thumbnail":false,"medium":false,"medium_large":false,"large":false,"1536x1536":false,"2048x2048":false,"trp-custom-language-flag":false},"uagb_author_info":{"display_name":"bilimtur.com.tr","author_link":"https:\/\/bilimtur.com.tr\/en\/author\/seagreen-gorilla-661121-hostingersite-com\/"},"uagb_comment_info":0,"uagb_excerpt":"\u00c7al\u0131\u015fma saatleri Pzt &#8211; Cmt 10:00-18:00Pzr: Kapal\u0131 telefon +90 312 417 0450","_links":{"self":[{"href":"https:\/\/bilimtur.com.tr\/en\/wp-json\/wp\/v2\/pages\/1399","targetHints":{"allow":["GET"]}}],"collection":[{"href":"https:\/\/bilimtur.com.tr\/en\/wp-json\/wp\/v2\/pages"}],"about":[{"href":"https:\/\/bilimtur.com.tr\/en\/wp-json\/wp\/v2\/types\/page"}],"author":[{"embeddable":true,"href":"https:\/\/bilimtur.com.tr\/en\/wp-json\/wp\/v2\/users\/1"}],"replies":[{"embeddable":true,"href":"https:\/\/bilimtur.com.tr\/en\/wp-json\/wp\/v2\/comments?post=1399"}],"version-history":[{"count":3,"href":"https:\/\/bilimtur.com.tr\/en\/wp-json\/wp\/v2\/pages\/1399\/revisions"}],"predecessor-version":[{"id":3223,"href":"https:\/\/bilimtur.com.tr\/en\/wp-json\/wp\/v2\/pages\/1399\/revisions\/3223"}],"wp:attachment":[{"href":"https:\/\/bilimtur.com.tr\/en\/wp-json\/wp\/v2\/media?parent=1399"}],"curies":[{"name":"wp","href":"https:\/\/api.w.org\/{rel}","templated":true}]}}