{"id":1395,"date":"2024-05-09T05:32:40","date_gmt":"2024-05-09T05:32:40","guid":{"rendered":"https:\/\/bilimtur.com.tr\/program\/"},"modified":"2025-06-20T08:26:20","modified_gmt":"2025-06-20T08:26:20","slug":"hizmetlerimiz","status":"publish","type":"page","link":"https:\/\/bilimtur.com.tr\/en\/hizmetlerimiz\/","title":{"rendered":"Hizmetlerimiz"},"content":{"rendered":"<div class=\"wp-block-uagb-container uagb-block-76c10568 alignfull uagb-is-root-container\"><div class=\"uagb-container-inner-blocks-wrap\">\n<div class=\"wp-block-uagb-advanced-heading uagb-block-473240c3\"><p class=\"uagb-desc-text\">our services<\/p><h1 class=\"uagb-heading-text\"><strong>Discover how our tailored services can help you succeed <\/strong><\/h1><\/div>\n<\/div><\/div>\n\n\n\n<div class=\"wp-block-uagb-container uagb-block-2b5d30df alignfull uagb-is-root-container\">\n<div class=\"wp-block-uagb-container uagb-block-98f35fb6\">\n<div class=\"wp-block-uagb-container uagb-block-c53cb87d\">\n<div class=\"wp-block-uagb-info-box uagb-block-789ca1ae uagb-infobox__content-wrap  uagb-infobox-icon-above-title uagb-infobox-image-valign-top\"><div class=\"uagb-ifb-content\"><div class=\"uagb-ifb-title-wrap\"><span class=\"uagb-ifb-title-prefix\">01<\/span><h2 class=\"uagb-ifb-title\">Education Consultancy<\/h2><\/div><p class=\"uagb-ifb-desc\">At our consultancy, we understand the intricacies of international education. Whether you\u2019re considering short-term and long term language programs for all age groups or seeking admission to prestigious universities abroad, our experts are here to guide you every step of the way. From selecting the right courses and institutions to preparing for your departure, we ensure that your educational journey is well-planned and aligned with your career aspirations.<\/p><\/div><\/div>\n\n\n\n<div class=\"wp-block-uagb-icon-list uagb-block-f337f9e0\"><div class=\"uagb-icon-list__wrap\">\n<div class=\"wp-block-uagb-icon-list-child uagb-block-8c72f564\"><span class=\"uagb-icon-list__source-wrap\"><svg xmlns=\"https:\/\/www.w3.org\/2000\/svg\" viewbox=\"0 0 448 512\"><path d=\"M438.6 105.4C451.1 117.9 451.1 138.1 438.6 150.6L182.6 406.6C170.1 419.1 149.9 419.1 137.4 406.6L9.372 278.6C-3.124 266.1-3.124 245.9 9.372 233.4C21.87 220.9 42.13 220.9 54.63 233.4L159.1 338.7L393.4 105.4C405.9 92.88 426.1 92.88 438.6 105.4H438.6z\"><\/path><\/svg><\/span><span class=\"uagb-icon-list__label\">Expert Guidance and Personalized Planning<\/span><\/div>\n\n\n\n<div class=\"wp-block-uagb-icon-list-child uagb-block-4ec38cca\"><span class=\"uagb-icon-list__source-wrap\"><svg xmlns=\"https:\/\/www.w3.org\/2000\/svg\" viewbox=\"0 0 448 512\"><path d=\"M438.6 105.4C451.1 117.9 451.1 138.1 438.6 150.6L182.6 406.6C170.1 419.1 149.9 419.1 137.4 406.6L9.372 278.6C-3.124 266.1-3.124 245.9 9.372 233.4C21.87 220.9 42.13 220.9 54.63 233.4L159.1 338.7L393.4 105.4C405.9 92.88 426.1 92.88 438.6 105.4H438.6z\"><\/path><\/svg><\/span><span class=\"uagb-icon-list__label\">Visa Application Guidance and Preparation<\/span><\/div>\n\n\n\n<div class=\"wp-block-uagb-icon-list-child uagb-block-be8e8361\"><span class=\"uagb-icon-list__source-wrap\"><svg xmlns=\"https:\/\/www.w3.org\/2000\/svg\" viewbox=\"0 0 448 512\"><path d=\"M438.6 105.4C451.1 117.9 451.1 138.1 438.6 150.6L182.6 406.6C170.1 419.1 149.9 419.1 137.4 406.6L9.372 278.6C-3.124 266.1-3.124 245.9 9.372 233.4C21.87 220.9 42.13 220.9 54.63 233.4L159.1 338.7L393.4 105.4C405.9 92.88 426.1 92.88 438.6 105.4H438.6z\"><\/path><\/svg><\/span><span class=\"uagb-icon-list__label\">Portfolio of Proven and Reputable Partner Institutions<\/span><\/div>\n<\/div><\/div>\n\n\n\n<div class=\"wp-block-uagb-buttons uagb-buttons__outer-wrap uagb-btn__default-btn uagb-btn-tablet__default-btn uagb-btn-mobile__default-btn uagb-block-10f89359\"><div class=\"uagb-buttons__wrap uagb-buttons-layout-wrap\">\n<div class=\"wp-block-uagb-buttons-child uagb-buttons__outer-wrap uagb-block-f59ece0e wp-block-button\"><div class=\"uagb-button__wrapper\"><a class=\"uagb-buttons-repeater wp-block-button__link\" aria-label=\"\" href=\"https:\/\/bilimtur.com.tr\/en\/iletisim\/\" rel=\"follow noopener\" target=\"_self\" role=\"button\"><div class=\"uagb-button__link\">Book an Appointment<\/div><\/a><\/div><\/div>\n<\/div><\/div>\n<\/div>\n<\/div>\n\n\n\n<div class=\"wp-block-group is-layout-constrained wp-block-group-is-layout-constrained\">\n<div class=\"wp-block-columns is-layout-flex wp-container-core-columns-is-layout-28f84493 wp-block-columns-is-layout-flex\">\n<div class=\"wp-block-column is-layout-flow wp-block-column-is-layout-flow\" style=\"flex-basis:100%\">\n<div class=\"wp-block-uagb-container uagb-block-27e6153e\"><\/div>\n<\/div>\n<\/div>\n<\/div>\n<\/div>\n\n\n\n<div class=\"wp-block-uagb-container uagb-block-8d1105e3 alignfull uagb-is-root-container\">\n<div class=\"wp-block-uagb-container uagb-block-aea09852\">\n<div class=\"wp-block-uagb-container uagb-block-2411897d\">\n<div class=\"wp-block-uagb-info-box uagb-block-81613af4 uagb-infobox__content-wrap  uagb-infobox-icon-above-title uagb-infobox-image-valign-top\"><div class=\"uagb-ifb-content\"><div class=\"uagb-ifb-title-wrap\"><span class=\"uagb-ifb-title-prefix\">02<\/span><h2 class=\"uagb-ifb-title\">Test Center<\/h2><\/div><p class=\"uagb-ifb-desc\">As a certified ETS test center, we facilitate TOEFL-IBT and GRE General Tests under strict professional standards. Our center offers a comfortable testing environment with many options of test dates to accommodate your preparation timeline. We are committed to providing a reliable testing experience that helps you achieve your highest potential scores, essential for your academic progression.<\/p><\/div><\/div>\n\n\n\n<div class=\"wp-block-uagb-icon-list uagb-block-3dd937d2\"><div class=\"uagb-icon-list__wrap\">\n<div class=\"wp-block-uagb-icon-list-child uagb-block-9740d512\"><span class=\"uagb-icon-list__source-wrap\"><svg xmlns=\"https:\/\/www.w3.org\/2000\/svg\" viewbox=\"0 0 448 512\"><path d=\"M438.6 105.4C451.1 117.9 451.1 138.1 438.6 150.6L182.6 406.6C170.1 419.1 149.9 419.1 137.4 406.6L9.372 278.6C-3.124 266.1-3.124 245.9 9.372 233.4C21.87 220.9 42.13 220.9 54.63 233.4L159.1 338.7L393.4 105.4C405.9 92.88 426.1 92.88 438.6 105.4H438.6z\"><\/path><\/svg><\/span><span class=\"uagb-icon-list__label\">Proven Reliability and Experience over 15 years<\/span><\/div>\n\n\n\n<div class=\"wp-block-uagb-icon-list-child uagb-block-50e85506\"><span class=\"uagb-icon-list__source-wrap\"><svg xmlns=\"https:\/\/www.w3.org\/2000\/svg\" viewbox=\"0 0 448 512\"><path d=\"M438.6 105.4C451.1 117.9 451.1 138.1 438.6 150.6L182.6 406.6C170.1 419.1 149.9 419.1 137.4 406.6L9.372 278.6C-3.124 266.1-3.124 245.9 9.372 233.4C21.87 220.9 42.13 220.9 54.63 233.4L159.1 338.7L393.4 105.4C405.9 92.88 426.1 92.88 438.6 105.4H438.6z\"><\/path><\/svg><\/span><span class=\"uagb-icon-list__label\">Convenient Location and Many Test Dates to Choose<\/span><\/div>\n\n\n\n<div class=\"wp-block-uagb-icon-list-child uagb-block-1811c459\"><span class=\"uagb-icon-list__source-wrap\"><svg xmlns=\"https:\/\/www.w3.org\/2000\/svg\" viewbox=\"0 0 448 512\"><path d=\"M438.6 105.4C451.1 117.9 451.1 138.1 438.6 150.6L182.6 406.6C170.1 419.1 149.9 419.1 137.4 406.6L9.372 278.6C-3.124 266.1-3.124 245.9 9.372 233.4C21.87 220.9 42.13 220.9 54.63 233.4L159.1 338.7L393.4 105.4C405.9 92.88 426.1 92.88 438.6 105.4H438.6z\"><\/path><\/svg><\/span><span class=\"uagb-icon-list__label\">Latest Testing Equipment and Comfortable Environment<\/span><\/div>\n<\/div><\/div>\n\n\n\n<div class=\"wp-block-uagb-buttons uagb-buttons__outer-wrap uagb-btn__default-btn uagb-btn-tablet__default-btn uagb-btn-mobile__default-btn uagb-block-f2bca8da\"><div class=\"uagb-buttons__wrap uagb-buttons-layout-wrap\">\n<div class=\"wp-block-uagb-buttons-child uagb-buttons__outer-wrap uagb-block-4d264aaf wp-block-button\"><div class=\"uagb-button__wrapper\"><a class=\"uagb-buttons-repeater wp-block-button__link\" aria-label=\"\" href=\"https:\/\/bilimtur.com.tr\/en\/takvim\/\" rel=\"follow noopener\" target=\"_self\" role=\"button\"><div class=\"uagb-button__link\">Test Calendar<\/div><\/a><\/div><\/div>\n<\/div><\/div>\n<\/div>\n<\/div>\n\n\n\n<div class=\"wp-block-uagb-container uagb-block-e9b8dee4\"><\/div>\n<\/div>\n\n\n\n<div class=\"wp-block-uagb-container uagb-block-2e8d9320 alignfull uagb-is-root-container\">\n<div class=\"wp-block-uagb-container uagb-block-6bc49789\">\n<div class=\"wp-block-uagb-container uagb-block-f51b1d2d\">\n<div class=\"wp-block-uagb-info-box uagb-block-ef121436 uagb-infobox__content-wrap  uagb-infobox-icon-above-title uagb-infobox-image-valign-top\"><div class=\"uagb-ifb-content\"><div class=\"uagb-ifb-title-wrap\"><span class=\"uagb-ifb-title-prefix\">03<\/span><h2 class=\"uagb-ifb-title\">Private Tutoring<\/h2><\/div><p class=\"uagb-ifb-desc\">Our private online tutoring services are tailored to fit your specific needs, whether you are preparing for TOEFL, IELTS, TOEIC, or general English exams. With a focus on interactive learning and personalized feedback, our experienced tutors will work with you to significantly improve your language proficiency and test-taking strategies. Each session is designed to build confidence and mastery in your subject area, ensuring you are fully prepared for exam day.<\/p><\/div><\/div>\n\n\n\n<div class=\"wp-block-uagb-icon-list uagb-block-ed59ab14\"><div class=\"uagb-icon-list__wrap\">\n<div class=\"wp-block-uagb-icon-list-child uagb-block-56c8537e\"><span class=\"uagb-icon-list__source-wrap\"><svg xmlns=\"https:\/\/www.w3.org\/2000\/svg\" viewbox=\"0 0 448 512\"><path d=\"M438.6 105.4C451.1 117.9 451.1 138.1 438.6 150.6L182.6 406.6C170.1 419.1 149.9 419.1 137.4 406.6L9.372 278.6C-3.124 266.1-3.124 245.9 9.372 233.4C21.87 220.9 42.13 220.9 54.63 233.4L159.1 338.7L393.4 105.4C405.9 92.88 426.1 92.88 438.6 105.4H438.6z\"><\/path><\/svg><\/span><span class=\"uagb-icon-list__label\">Customized Learning Plans<\/span><\/div>\n\n\n\n<div class=\"wp-block-uagb-icon-list-child uagb-block-ee050e00\"><span class=\"uagb-icon-list__source-wrap\"><svg xmlns=\"https:\/\/www.w3.org\/2000\/svg\" viewbox=\"0 0 448 512\"><path d=\"M438.6 105.4C451.1 117.9 451.1 138.1 438.6 150.6L182.6 406.6C170.1 419.1 149.9 419.1 137.4 406.6L9.372 278.6C-3.124 266.1-3.124 245.9 9.372 233.4C21.87 220.9 42.13 220.9 54.63 233.4L159.1 338.7L393.4 105.4C405.9 92.88 426.1 92.88 438.6 105.4H438.6z\"><\/path><\/svg><\/span><span class=\"uagb-icon-list__label\">Interactive Learning and Personalized Feedback<\/span><\/div>\n\n\n\n<div class=\"wp-block-uagb-icon-list-child uagb-block-c11ff328\"><span class=\"uagb-icon-list__source-wrap\"><svg xmlns=\"https:\/\/www.w3.org\/2000\/svg\" viewbox=\"0 0 448 512\"><path d=\"M438.6 105.4C451.1 117.9 451.1 138.1 438.6 150.6L182.6 406.6C170.1 419.1 149.9 419.1 137.4 406.6L9.372 278.6C-3.124 266.1-3.124 245.9 9.372 233.4C21.87 220.9 42.13 220.9 54.63 233.4L159.1 338.7L393.4 105.4C405.9 92.88 426.1 92.88 438.6 105.4H438.6z\"><\/path><\/svg><\/span><span class=\"uagb-icon-list__label\">Online Tutoring<\/span><\/div>\n<\/div><\/div>\n\n\n\n<div class=\"wp-block-uagb-buttons uagb-buttons__outer-wrap uagb-btn__default-btn uagb-btn-tablet__default-btn uagb-btn-mobile__default-btn uagb-block-8f46759f\"><div class=\"uagb-buttons__wrap uagb-buttons-layout-wrap\">\n<div class=\"wp-block-uagb-buttons-child uagb-buttons__outer-wrap uagb-block-e3b9226f wp-block-button\"><div class=\"uagb-button__wrapper\"><a class=\"uagb-buttons-repeater wp-block-button__link\" aria-label=\"\" href=\"https:\/\/bilimtur.com.tr\/en\/the-gate\/\" rel=\"follow noopener\" target=\"_self\" role=\"button\"><div class=\"uagb-button__link\">Book an Appointment<\/div><\/a><\/div><\/div>\n<\/div><\/div>\n<\/div>\n<\/div>\n\n\n\n<div class=\"wp-block-uagb-container uagb-block-327602a0\"><\/div>\n<\/div>\n\n\n\n<div class=\"wp-block-uagb-container uagb-block-659741e9 alignfull uagb-is-root-container\">\n<div class=\"wp-block-uagb-container uagb-block-55ebc566\">\n<div class=\"wp-block-uagb-container uagb-block-d999efe3\">\n<div class=\"wp-block-uagb-info-box uagb-block-4e4fcef2 uagb-infobox__content-wrap  uagb-infobox-icon-above-title uagb-infobox-image-valign-top\"><div class=\"uagb-ifb-content\"><div class=\"uagb-ifb-title-wrap\"><span class=\"uagb-ifb-title-prefix\">04<\/span><h2 class=\"uagb-ifb-title\">Visa Services<\/h2><\/div><p class=\"uagb-ifb-desc\">Applying for a visa can be daunting, but our visa service experts make it simple. We provide comprehensive support throughout the entire visa application process, from completing forms accurately to preparing for interviews. Our team stays updated with the latest immigration policies and requirements, helping to maximize your chances of a successful application without the usual stress and confusion.<\/p><\/div><\/div>\n\n\n\n<div class=\"wp-block-uagb-icon-list uagb-block-26511868\"><div class=\"uagb-icon-list__wrap\">\n<div class=\"wp-block-uagb-icon-list-child uagb-block-dab55c02\"><span class=\"uagb-icon-list__source-wrap\"><svg xmlns=\"https:\/\/www.w3.org\/2000\/svg\" viewbox=\"0 0 448 512\"><path d=\"M438.6 105.4C451.1 117.9 451.1 138.1 438.6 150.6L182.6 406.6C170.1 419.1 149.9 419.1 137.4 406.6L9.372 278.6C-3.124 266.1-3.124 245.9 9.372 233.4C21.87 220.9 42.13 220.9 54.63 233.4L159.1 338.7L393.4 105.4C405.9 92.88 426.1 92.88 438.6 105.4H438.6z\"><\/path><\/svg><\/span><span class=\"uagb-icon-list__label\">Navigate the Visa Application Process with Ease<\/span><\/div>\n\n\n\n<div class=\"wp-block-uagb-icon-list-child uagb-block-8eb16242\"><span class=\"uagb-icon-list__source-wrap\"><svg xmlns=\"https:\/\/www.w3.org\/2000\/svg\" viewbox=\"0 0 448 512\"><path d=\"M438.6 105.4C451.1 117.9 451.1 138.1 438.6 150.6L182.6 406.6C170.1 419.1 149.9 419.1 137.4 406.6L9.372 278.6C-3.124 266.1-3.124 245.9 9.372 233.4C21.87 220.9 42.13 220.9 54.63 233.4L159.1 338.7L393.4 105.4C405.9 92.88 426.1 92.88 438.6 105.4H438.6z\"><\/path><\/svg><\/span><span class=\"uagb-icon-list__label\">Latest Immigration Policies and Requirements<\/span><\/div>\n<\/div><\/div>\n\n\n\n<div class=\"wp-block-uagb-buttons uagb-buttons__outer-wrap uagb-btn__default-btn uagb-btn-tablet__default-btn uagb-btn-mobile__default-btn uagb-block-cd7820d9\"><div class=\"uagb-buttons__wrap uagb-buttons-layout-wrap\">\n<div class=\"wp-block-uagb-buttons-child uagb-buttons__outer-wrap uagb-block-4439fd6c wp-block-button\"><div class=\"uagb-button__wrapper\"><a class=\"uagb-buttons-repeater wp-block-button__link\" aria-label=\"\" href=\"https:\/\/bilimtur.com.tr\/en\/iletisim\/\" rel=\"follow noopener\" target=\"_self\" role=\"button\"><div class=\"uagb-button__link\">Book an Appointment<\/div><\/a><\/div><\/div>\n<\/div><\/div>\n<\/div>\n<\/div>\n\n\n\n<div class=\"wp-block-uagb-container uagb-block-784b817e\"><\/div>\n<\/div>\n\n\n\n<div class=\"wp-block-uagb-container uagb-block-57d96902 alignfull uagb-is-root-container\">\n<div class=\"wp-block-uagb-container uagb-block-520b07b4\">\n<div class=\"wp-block-uagb-container uagb-block-10317bf0\">\n<div class=\"wp-block-uagb-info-box uagb-block-abcae94a uagb-infobox__content-wrap  uagb-infobox-icon-above-title uagb-infobox-image-valign-top\"><div class=\"uagb-ifb-content\"><div class=\"uagb-ifb-title-wrap\"><span class=\"uagb-ifb-title-prefix\">05<\/span><h2 class=\"uagb-ifb-title\">Green Card<\/h2><\/div><p class=\"uagb-ifb-desc\">Achieving U.S. residency is a significant step, and our Green Card service is designed to make this process as smooth as possible. We offer end-to-end assistance, from preparing your initial application to coaching for the interview. Our thorough understanding of the legal and procedural aspects ensures that you are well-prepared and informed throughout the process, paving the way for a successful outcome.<\/p><\/div><\/div>\n\n\n\n<div class=\"wp-block-uagb-icon-list uagb-block-b3d4715d\"><div class=\"uagb-icon-list__wrap\">\n<div class=\"wp-block-uagb-icon-list-child uagb-block-291453a1\"><span class=\"uagb-icon-list__source-wrap\"><svg xmlns=\"https:\/\/www.w3.org\/2000\/svg\" viewbox=\"0 0 448 512\"><path d=\"M438.6 105.4C451.1 117.9 451.1 138.1 438.6 150.6L182.6 406.6C170.1 419.1 149.9 419.1 137.4 406.6L9.372 278.6C-3.124 266.1-3.124 245.9 9.372 233.4C21.87 220.9 42.13 220.9 54.63 233.4L159.1 338.7L393.4 105.4C405.9 92.88 426.1 92.88 438.6 105.4H438.6z\"><\/path><\/svg><\/span><span class=\"uagb-icon-list__label\">End-to-End Assistance<\/span><\/div>\n\n\n\n<div class=\"wp-block-uagb-icon-list-child uagb-block-a6efecfc\"><span class=\"uagb-icon-list__source-wrap\"><svg xmlns=\"https:\/\/www.w3.org\/2000\/svg\" viewbox=\"0 0 448 512\"><path d=\"M438.6 105.4C451.1 117.9 451.1 138.1 438.6 150.6L182.6 406.6C170.1 419.1 149.9 419.1 137.4 406.6L9.372 278.6C-3.124 266.1-3.124 245.9 9.372 233.4C21.87 220.9 42.13 220.9 54.63 233.4L159.1 338.7L393.4 105.4C405.9 92.88 426.1 92.88 438.6 105.4H438.6z\"><\/path><\/svg><\/span><span class=\"uagb-icon-list__label\">Expert Legal and Procedural Guidance<\/span><\/div>\n\n\n\n<div class=\"wp-block-uagb-icon-list-child uagb-block-1beca6d7\"><a target=\"_blank\" aria-label=\"Cooperation With Immigration Ozek Law Office\" rel=\"noopener noreferrer\" href=\"https:\/\/ozeklaw.com\/\"> <\/a><span class=\"uagb-icon-list__source-wrap\"><svg xmlns=\"https:\/\/www.w3.org\/2000\/svg\" viewbox=\"0 0 448 512\"><path d=\"M438.6 105.4C451.1 117.9 451.1 138.1 438.6 150.6L182.6 406.6C170.1 419.1 149.9 419.1 137.4 406.6L9.372 278.6C-3.124 266.1-3.124 245.9 9.372 233.4C21.87 220.9 42.13 220.9 54.63 233.4L159.1 338.7L393.4 105.4C405.9 92.88 426.1 92.88 438.6 105.4H438.6z\"><\/path><\/svg><\/span><span class=\"uagb-icon-list__label\"><strong>Cooperation With Immigration Ozek Law Office<\/strong><\/span><\/div>\n<\/div><\/div>\n\n\n\n<div class=\"wp-block-uagb-buttons uagb-buttons__outer-wrap uagb-btn__default-btn uagb-btn-tablet__default-btn uagb-btn-mobile__default-btn uagb-block-1058bbc1\"><div class=\"uagb-buttons__wrap uagb-buttons-layout-wrap\">\n<div class=\"wp-block-uagb-buttons-child uagb-buttons__outer-wrap uagb-block-ad1411e1 wp-block-button\"><div class=\"uagb-button__wrapper\"><a class=\"uagb-buttons-repeater wp-block-button__link\" aria-label=\"\" href=\"https:\/\/bilimtur.com.tr\/en\/iletisim\/\" rel=\"follow noopener\" target=\"_self\" role=\"button\"><div class=\"uagb-button__link\">Book an Appointment<\/div><\/a><\/div><\/div>\n<\/div><\/div>\n<\/div>\n<\/div>\n\n\n\n<div class=\"wp-block-uagb-container uagb-block-5d927924\"><\/div>\n<\/div>","protected":false},"excerpt":{"rendered":"<p>hizmetlerimiz E\u011fitimde Ba\u015far\u0131 \u0130\u00e7in Dan\u0131\u015fmanl\u0131k ve Ki\u015fiye \u00d6zel \u00c7\u00f6z\u00fcmler<\/p>","protected":false},"author":1,"featured_media":0,"parent":0,"menu_order":0,"comment_status":"closed","ping_status":"closed","template":"","meta":{"_uag_custom_page_level_css":"","site-sidebar-layout":"no-sidebar","site-content-layout":"page-builder","ast-site-content-layout":"full-width-container","site-content-style":"unboxed","site-sidebar-style":"unboxed","ast-global-header-display":"","ast-banner-title-visibility":"","ast-main-header-display":"","ast-hfb-above-header-display":"","ast-hfb-below-header-display":"","ast-hfb-mobile-header-display":"","site-post-title":"disabled","ast-breadcrumbs-content":"","ast-featured-img":"disabled","footer-sml-layout":"","theme-transparent-header-meta":"enabled","adv-header-id-meta":"","stick-header-meta":"","header-above-stick-meta":"","header-main-stick-meta":"","header-below-stick-meta":"","astra-migrate-meta-layouts":"set","ast-page-background-enabled":"default","ast-page-background-meta":{"desktop":{"background-color":"var(--ast-global-color-4)","background-image":"","background-repeat":"repeat","background-position":"center center","background-size":"auto","background-attachment":"scroll","background-type":"","background-media":"","overlay-type":"","overlay-color":"","overlay-opacity":"","overlay-gradient":""},"tablet":{"background-color":"","background-image":"","background-repeat":"repeat","background-position":"center center","background-size":"auto","background-attachment":"scroll","background-type":"","background-media":"","overlay-type":"","overlay-color":"","overlay-opacity":"","overlay-gradient":""},"mobile":{"background-color":"","background-image":"","background-repeat":"repeat","background-position":"center center","background-size":"auto","background-attachment":"scroll","background-type":"","background-media":"","overlay-type":"","overlay-color":"","overlay-opacity":"","overlay-gradient":""}},"ast-content-background-meta":{"desktop":{"background-color":"var(--ast-global-color-5)","background-image":"","background-repeat":"repeat","background-position":"center center","background-size":"auto","background-attachment":"scroll","background-type":"","background-media":"","overlay-type":"","overlay-color":"","overlay-opacity":"","overlay-gradient":""},"tablet":{"background-color":"var(--ast-global-color-5)","background-image":"","background-repeat":"repeat","background-position":"center center","background-size":"auto","background-attachment":"scroll","background-type":"","background-media":"","overlay-type":"","overlay-color":"","overlay-opacity":"","overlay-gradient":""},"mobile":{"background-color":"var(--ast-global-color-5)","background-image":"","background-repeat":"repeat","background-position":"center center","background-size":"auto","background-attachment":"scroll","background-type":"","background-media":"","overlay-type":"","overlay-color":"","overlay-opacity":"","overlay-gradient":""}},"footnotes":""},"class_list":["post-1395","page","type-page","status-publish","hentry"],"aioseo_notices":[],"uagb_featured_image_src":{"full":false,"thumbnail":false,"medium":false,"medium_large":false,"large":false,"1536x1536":false,"2048x2048":false,"trp-custom-language-flag":false},"uagb_author_info":{"display_name":"bilimtur.com.tr","author_link":"https:\/\/bilimtur.com.tr\/en\/author\/seagreen-gorilla-661121-hostingersite-com\/"},"uagb_comment_info":0,"uagb_excerpt":"hizmetlerimiz E\u011fitimde Ba\u015far\u0131 \u0130\u00e7in Dan\u0131\u015fmanl\u0131k ve Ki\u015fiye \u00d6zel \u00c7\u00f6z\u00fcmler","_links":{"self":[{"href":"https:\/\/bilimtur.com.tr\/en\/wp-json\/wp\/v2\/pages\/1395","targetHints":{"allow":["GET"]}}],"collection":[{"href":"https:\/\/bilimtur.com.tr\/en\/wp-json\/wp\/v2\/pages"}],"about":[{"href":"https:\/\/bilimtur.com.tr\/en\/wp-json\/wp\/v2\/types\/page"}],"author":[{"embeddable":true,"href":"https:\/\/bilimtur.com.tr\/en\/wp-json\/wp\/v2\/users\/1"}],"replies":[{"embeddable":true,"href":"https:\/\/bilimtur.com.tr\/en\/wp-json\/wp\/v2\/comments?post=1395"}],"version-history":[{"count":2,"href":"https:\/\/bilimtur.com.tr\/en\/wp-json\/wp\/v2\/pages\/1395\/revisions"}],"predecessor-version":[{"id":3253,"href":"https:\/\/bilimtur.com.tr\/en\/wp-json\/wp\/v2\/pages\/1395\/revisions\/3253"}],"wp:attachment":[{"href":"https:\/\/bilimtur.com.tr\/en\/wp-json\/wp\/v2\/media?parent=1395"}],"curies":[{"name":"wp","href":"https:\/\/api.w.org\/{rel}","templated":true}]}}