{"id":1393,"date":"2024-05-09T05:32:40","date_gmt":"2024-05-09T05:32:40","guid":{"rendered":"https:\/\/bilimtur.com.tr\/about\/"},"modified":"2024-07-06T11:22:11","modified_gmt":"2024-07-06T11:22:11","slug":"hakkimizda","status":"publish","type":"page","link":"https:\/\/bilimtur.com.tr\/en\/hakkimizda\/","title":{"rendered":"Hakk\u0131m\u0131zda"},"content":{"rendered":"<div class=\"wp-block-uagb-container uagb-block-a79bbcd0 alignfull uagb-is-root-container\"><div class=\"uagb-container-inner-blocks-wrap\">\n<div class=\"wp-block-uagb-advanced-heading uagb-block-84f814f5\"><p class=\"uagb-desc-text\">ABOUT US<\/p><h1 class=\"uagb-heading-text\"><strong><strong>We Help You Achieve Your Academic and Career Goals with Expert Consultancy<\/strong><\/strong><\/h1><\/div>\n\n\n\n<div class=\"wp-block-uagb-container uagb-block-dfef776f\">\n<div class=\"wp-block-uagb-container uagb-block-3eb5150e\">\n<div class=\"wp-block-uagb-image uagb-block-1c91ce91 wp-block-uagb-image--layout-default wp-block-uagb-image--effect-static wp-block-uagb-image--align-none\"><figure class=\"wp-block-uagb-image__figure\"><img decoding=\"async\" srcset=\"https:\/\/bilimtur.com.tr\/wp-content\/uploads\/2024\/05\/Banner-576x1024.png ,https:\/\/bilimtur.com.tr\/wp-content\/uploads\/2024\/05\/Banner.png 780w, https:\/\/bilimtur.com.tr\/wp-content\/uploads\/2024\/05\/Banner.png 360w\" sizes=\"auto, (max-width: 480px) 150px\" src=\"https:\/\/bilimtur.com.tr\/wp-content\/uploads\/2024\/05\/Banner-576x1024.png\" alt=\"\" class=\"uag-image-2764\" width=\"576\" height=\"1024\" title=\"Banner\" loading=\"lazy\" role=\"img\"\/><\/figure><\/div>\n<\/div>\n\n\n\n<div class=\"wp-block-uagb-container uagb-block-0807ea80\">\n<h4 class=\"wp-block-heading\">Our Story<\/h4>\n\n\n\n<p><strong>Bilimtur International Education Consultancy<\/strong> was founded in  2005 with a mission to guide students and professionals across the globe in achieving their academic and career goals. As the leading education consultancy in the region specializing in study abroad programs, we offer tailored university placements, summer school arrangements, and comprehensive consultancy services.<\/p>\n\n\n\n<h4 class=\"wp-block-heading\">Our Experience<\/h4>\n\n\n\n<p>With over two decades of experience, we have established a strong network operating across multiple countries. Our enduring relationships with a variety of trusted language schools and academic institutions worldwide enable us to provide our customers with exceptional educational opportunities. Our expertise spans not only guiding students to ideal language programs and higher education courses but also matching groups of various ages with the best private institutions.<\/p>\n\n\n\n<p>Bilimtur stands out as a certified test center, partnering with ETS to offer TOEFL-Internet Based Testing (IBT) since 2007, TOEIC Testing since 2010, and GRE General Test since 2021. These certifications empower us to serve our clients with reliable and convenient testing solutions, enhancing their educational journey and career prospects.<\/p>\n<\/div>\n<\/div>\n<\/div><\/div>\n\n\n\n<div class=\"wp-block-uagb-container uagb-block-a1d31e07 alignfull uagb-is-root-container\"><div class=\"uagb-container-inner-blocks-wrap\">\n<h4 class=\"wp-block-heading\">Our Values and Our Team<\/h4>\n\n\n\n<p>Bilimtur is a family-owned establishment that values providing personalized attention to each customer and fostering sincere relationships. Our consultancy operates in a niche market and adheres to the principles of honest trade, taking pride in high customer satisfaction and loyalty. With our team, we are always here to offer you the best service and make a difference in unlocking your potential to excellence.<\/p>\n<\/div><\/div>\n\n\n\n<div class=\"wp-block-uagb-container uagb-block-a4fd6341 alignfull uagb-is-root-container\"><div class=\"uagb-container-inner-blocks-wrap\">\n<div class=\"wp-block-uagb-container uagb-block-a0ba220c\">\n<div class=\"wp-block-uagb-image aligncenter uagb-block-36311273 wp-block-uagb-image--layout-default wp-block-uagb-image--effect-static wp-block-uagb-image--align-center\"><figure class=\"wp-block-uagb-image__figure\"><img decoding=\"async\" srcset=\"https:\/\/bilimtur.com.tr\/wp-content\/uploads\/2024\/06\/Image-1024x1024.png ,https:\/\/bilimtur.com.tr\/wp-content\/uploads\/2024\/06\/Image.png 780w, https:\/\/bilimtur.com.tr\/wp-content\/uploads\/2024\/06\/Image.png 360w\" sizes=\"auto, (max-width: 480px) 150px\" src=\"https:\/\/bilimtur.com.tr\/wp-content\/uploads\/2024\/06\/Image-1024x1024.png\" alt=\"\" class=\"uag-image-2975\" width=\"1024\" height=\"1024\" title=\"Image\" loading=\"lazy\" role=\"img\"\/><\/figure><\/div>\n\n\n\n<div class=\"wp-block-uagb-info-box uagb-block-1ed667b4 uagb-infobox__content-wrap  uagb-infobox-icon-above-title uagb-infobox-image-valign-top\"><div class=\"uagb-ifb-content\"><div class=\"uagb-ifb-title-wrap\"><h5 class=\"uagb-ifb-title\">Founder<br>Nilg\u00fcn G\u00f6kce<\/h5><\/div><\/div><\/div>\n<\/div>\n\n\n\n<div class=\"wp-block-uagb-container uagb-block-01c30624\">\n<div class=\"wp-block-uagb-image aligncenter uagb-block-464b281e wp-block-uagb-image--layout-default wp-block-uagb-image--effect-static wp-block-uagb-image--align-center\"><figure class=\"wp-block-uagb-image__figure\"><img decoding=\"async\" srcset=\"https:\/\/bilimtur.com.tr\/wp-content\/uploads\/2024\/07\/nsercen-1024x1024.png ,https:\/\/bilimtur.com.tr\/wp-content\/uploads\/2024\/07\/nsercen.png 780w, https:\/\/bilimtur.com.tr\/wp-content\/uploads\/2024\/07\/nsercen.png 360w\" sizes=\"auto, (max-width: 480px) 150px\" src=\"https:\/\/bilimtur.com.tr\/wp-content\/uploads\/2024\/07\/nsercen-1024x1024.png\" alt=\"\" class=\"uag-image-3117\" width=\"1024\" height=\"1024\" title=\"nsercen\" loading=\"lazy\" role=\"img\"\/><\/figure><\/div>\n\n\n\n<div class=\"wp-block-uagb-info-box uagb-block-384a6d41 uagb-infobox__content-wrap  uagb-infobox-icon-above-title uagb-infobox-image-valign-top\"><div class=\"uagb-ifb-content\"><div class=\"uagb-ifb-title-wrap\"><h5 class=\"uagb-ifb-title\">Marketing and Outreach Sales Representative<br>Sercen G\u00f6kce<\/h5><\/div><\/div><\/div>\n<\/div>\n<\/div><\/div>\n\n\n\n<div class=\"wp-block-uagb-container uagb-block-6795bc4b alignfull uagb-is-root-container\"><div class=\"uagb-container-inner-blocks-wrap\">\n<div class=\"wp-block-uagb-container uagb-block-ebd677c7\">\n<div class=\"wp-block-uagb-info-box uagb-block-89d2db36 uagb-infobox__content-wrap  uagb-infobox-icon-above-title uagb-infobox-image-valign-top\"><div class=\"uagb-ifb-content\"><div class=\"uagb-ifb-icon-wrap\"><svg xmlns=\"https:\/\/www.w3.org\/2000\/svg\" viewbox=\"0 0 512 512\"><path d=\"M500.3 7.251C507.7 13.33 512 22.41 512 31.1V175.1C512 202.5 483.3 223.1 447.1 223.1C412.7 223.1 383.1 202.5 383.1 175.1C383.1 149.5 412.7 127.1 447.1 127.1V71.03L351.1 90.23V207.1C351.1 234.5 323.3 255.1 287.1 255.1C252.7 255.1 223.1 234.5 223.1 207.1C223.1 181.5 252.7 159.1 287.1 159.1V63.1C287.1 48.74 298.8 35.61 313.7 32.62L473.7 .6198C483.1-1.261 492.9 1.173 500.3 7.251H500.3zM74.66 303.1L86.5 286.2C92.43 277.3 102.4 271.1 113.1 271.1H174.9C185.6 271.1 195.6 277.3 201.5 286.2L213.3 303.1H239.1C266.5 303.1 287.1 325.5 287.1 351.1V463.1C287.1 490.5 266.5 511.1 239.1 511.1H47.1C21.49 511.1-.0019 490.5-.0019 463.1V351.1C-.0019 325.5 21.49 303.1 47.1 303.1H74.66zM143.1 359.1C117.5 359.1 95.1 381.5 95.1 407.1C95.1 434.5 117.5 455.1 143.1 455.1C170.5 455.1 191.1 434.5 191.1 407.1C191.1 381.5 170.5 359.1 143.1 359.1zM440.3 367.1H496C502.7 367.1 508.6 372.1 510.1 378.4C513.3 384.6 511.6 391.7 506.5 396L378.5 508C372.9 512.1 364.6 513.3 358.6 508.9C352.6 504.6 350.3 496.6 353.3 489.7L391.7 399.1H336C329.3 399.1 323.4 395.9 321 389.6C318.7 383.4 320.4 376.3 325.5 371.1L453.5 259.1C459.1 255 467.4 254.7 473.4 259.1C479.4 263.4 481.6 271.4 478.7 278.3L440.3 367.1zM116.7 219.1L19.85 119.2C-8.112 90.26-6.614 42.31 24.85 15.34C51.82-8.137 93.26-3.642 118.2 21.83L128.2 32.32L137.7 21.83C162.7-3.642 203.6-8.137 231.6 15.34C262.6 42.31 264.1 90.26 236.1 119.2L139.7 219.1C133.2 225.6 122.7 225.6 116.7 219.1H116.7z\"><\/path><\/svg><\/div><div class=\"uagb-ifb-title-wrap\"><h4 class=\"uagb-ifb-title\">Inclusive<\/h4><\/div><p class=\"uagb-ifb-desc\">Ensuring equal opportunities for all educational aspirants.<\/p><\/div><\/div>\n<\/div>\n\n\n\n<div class=\"wp-block-uagb-container uagb-block-f858d1f2\">\n<div class=\"wp-block-uagb-info-box uagb-block-d650850b uagb-infobox__content-wrap  uagb-infobox-icon-above-title uagb-infobox-image-valign-top\"><div class=\"uagb-ifb-content\"><div class=\"uagb-ifb-icon-wrap\"><svg xmlns=\"https:\/\/www.w3.org\/2000\/svg\" viewbox=\"0 0 576 512\"><path d=\"M275.2 250.5c7 7.375 18.5 7.375 25.5 0l108.1-114.2c31.5-33.12 29.72-88.1-5.65-118.7c-30.88-26.75-76.75-21.9-104.9 7.724L287.1 36.91L276.8 25.28C248.7-4.345 202.7-9.194 171.1 17.56C136.7 48.18 134.7 103.2 166.4 136.3L275.2 250.5zM568.2 336.3c-13.12-17.81-38.14-21.66-55.93-8.469l-119.7 88.17h-120.6c-8.748 0-15.1-7.25-15.1-15.1c0-8.746 7.25-15.1 15.1-15.1h78.25c15.1 0 30.75-10.87 33.37-26.62c3.25-19.1-12.12-37.37-31.62-37.37H191.1c-26.1 0-53.12 9.25-74.12 26.25l-46.5 37.74l-55.37-.0253c-8.748 0-15.1 7.275-15.1 16.02L.0001 496C.0001 504.8 7.251 512 15.1 512h346.1c22.03 0 43.92-7.187 61.7-20.28l135.1-99.51C577.5 379.1 581.3 354.1 568.2 336.3z\"><\/path><\/svg><\/div><div class=\"uagb-ifb-title-wrap\"><h4 class=\"uagb-ifb-title\">Integrity<\/h4><\/div><p class=\"uagb-ifb-desc\">Upholding ethical practices to foster trust and transparency.<\/p><\/div><\/div>\n<\/div>\n\n\n\n<div class=\"wp-block-uagb-container uagb-block-d644becf\">\n<div class=\"wp-block-uagb-info-box uagb-block-73df4223 uagb-infobox__content-wrap  uagb-infobox-icon-above-title uagb-infobox-image-valign-top\"><div class=\"uagb-ifb-content\"><div class=\"uagb-ifb-icon-wrap\"><svg xmlns=\"https:\/\/www.w3.org\/2000\/svg\" viewbox=\"0 0 512 512\"><path d=\"M0 190.9V185.1C0 115.2 50.52 55.58 119.4 44.1C164.1 36.51 211.4 51.37 244 84.02L256 96L267.1 84.02C300.6 51.37 347 36.51 392.6 44.1C461.5 55.58 512 115.2 512 185.1V190.9C512 232.4 494.8 272.1 464.4 300.4L283.7 469.1C276.2 476.1 266.3 480 256 480C245.7 480 235.8 476.1 228.3 469.1L47.59 300.4C17.23 272.1 .0003 232.4 .0003 190.9L0 190.9z\"><\/path><\/svg><\/div><div class=\"uagb-ifb-title-wrap\"><h4 class=\"uagb-ifb-title\">Excellence<\/h4><\/div><p class=\"uagb-ifb-desc\">Committing to the highest standards in education &amp; testing.<\/p><\/div><\/div>\n<\/div>\n\n\n\n<div class=\"wp-block-uagb-container uagb-block-3c8d770a\">\n<div class=\"wp-block-uagb-info-box uagb-block-ece560e1 uagb-infobox__content-wrap  uagb-infobox-icon-above-title uagb-infobox-image-valign-top\"><div class=\"uagb-ifb-content\"><div class=\"uagb-ifb-icon-wrap\"><svg xmlns=\"https:\/\/www.w3.org\/2000\/svg\" viewbox=\"0 0 640 512\"><path d=\"M128 95.1c26.5 0 47.1-21.5 47.1-47.1S154.5 0 128 0S80.01 21.5 80.01 47.1S101.5 95.1 128 95.1zM511.1 95.1c26.5 0 47.1-21.5 47.1-47.1S538.5 0 511.1 0c-26.5 0-48 21.5-48 47.1S485.5 95.1 511.1 95.1zM603.5 258.3l-18.5-80.13c-4.625-20-18.62-36.88-37.5-44.88c-18.5-8-38.1-6.75-56.12 3.25c-22.62 13.38-39.62 34.5-48.12 59.38l-11.25 33.88l-15.1 10.25L415.1 144c0-8.75-7.25-16-16-16H240c-8.75 0-16 7.25-16 16L224 239.1l-16.12-10.25l-11.25-33.88c-8.375-25-25.38-46-48.12-59.38c-17.25-10-37.63-11.25-56.12-3.25c-18.88 8-32.88 24.88-37.5 44.88l-18.37 80.13c-4.625 20 .7506 41.25 14.37 56.75l67.25 75.88l10.12 92.63C130 499.8 143.8 512 160 512c1.25 0 2.25-.125 3.5-.25c17.62-1.875 30.25-17.62 28.25-35.25l-10-92.75c-1.5-13-7-25.12-15.62-35l-43.37-49l17.62-70.38l6.876 20.38c4 12.5 11.87 23.5 24.5 32.63l51 32.5c4.623 2.875 12.12 4.625 17.25 5h159.1c5.125-.375 12.62-2.125 17.25-5l51-32.5c12.62-9.125 20.5-20 24.5-32.63l6.875-20.38l17.63 70.38l-43.37 49c-8.625 9.875-14.12 22-15.62 35l-10 92.75c-2 17.62 10.75 33.38 28.25 35.25C477.7 511.9 478.7 512 479.1 512c16.12 0 29.1-12.12 31.75-28.5l10.12-92.63L589.1 315C602.7 299.5 608.1 278.3 603.5 258.3zM46.26 358.1l-44 110c-6.5 16.38 1.5 35 17.88 41.63c16.75 6.5 35.12-1.75 41.62-17.88l27.62-69.13l-2-18.25L46.26 358.1zM637.7 468.1l-43.1-110l-41.13 46.38l-2 18.25l27.62 69.13C583.2 504.4 595.2 512 607.1 512c3.998 0 7.998-.75 11.87-2.25C636.2 503.1 644.2 484.5 637.7 468.1z\"><\/path><\/svg><\/div><div class=\"uagb-ifb-title-wrap\"><h4 class=\"uagb-ifb-title\">Adaptive<\/h4><\/div><p class=\"uagb-ifb-desc\">Flexibly responding to educational trends and needs.<\/p><\/div><\/div>\n<\/div>\n<\/div><\/div>\n\n\n\n<div class=\"wp-block-uagb-container uagb-block-67bec61e alignfull uagb-is-root-container\"><div class=\"uagb-container-inner-blocks-wrap\"><style id=\"sp_lcp_dynamic_css2778\">div#logo-carousel-free-2778.logo-carousel-free .sp-lc-logo{border: 1px solid #dddddd;border-radius: 0px;overflow: hidden;}div#logo-carousel-free-2778.logo-carousel-free .sp-lc-logo:hover{border-color: #16a08b;}#logo-carousel-free-2778.sp-lc-container .sp-lc-pagination .swiper-pagination-bullet {background-color: #dddddd;margin: 0 4px;}#logo-carousel-free-2778.sp-lc-container .sp-lc-pagination .swiper-pagination-bullet.swiper-pagination-bullet-active{background-color: #16a08b; }#logo-carousel-free-2778.sp-lc-container .sp-logo-carousel {padding-top: 46px;}#logo-carousel-free-2778.sp-lc-container .sp-lc-button-prev,#logo-carousel-free-2778.sp-lc-container .sp-lc-button-next {color: #aaaaaa;background: transparent;border: 1px solid #aaaaaa;line-height: 28px;}#logo-carousel-free-2778.sp-lc-container .sp-lc-button-prev:hover,#logo-carousel-free-2778.sp-lc-container .sp-lc-button-next:hover{background-color: #16a08b;color: #ffffff;border-color: #16a08b;}@media only screen and (max-width: 576px) {} .logo-carousel-free-area#logo-carousel-free-2778{position: relative;}#lcp-preloader-2778{position: absolute;left: 0;top: 0;height: 100%;width: 100%;text-align: center;display: flex;align-items: center;justify-content: center;background: #fff;z-index: 9999;} .logo-carousel-free-area#logo-carousel-free-2778 .sp-logo-carousel-section-title{margin-bottom: 30px;}#logo-carousel-free-2778 .sp-lc-grid-container { justify-content: left; align-items: center; } #logo-carousel-free-2778 .swiper-wrapper .swiper-slide { align-self: center; }#logo-carousel-free-2778 .sp-lc-grid-container {margin-left: -6px;margin-right: -6px;width: calc( 100% + 12px);}#logo-carousel-free-2778 .sp-lc-grid-container [class*=\"lc-col\"] {padding-left: 6px;padding-right: 6px;padding-bottom: 12px;}@media screen and (min-width: 1200px ){.logo-carousel-free-area#logo-carousel-free-2778 .sp-logo-carousel:not([class*=\"-initialized\"]) > .swiper-wrapper {display: flex;width: calc( 100% + 12px );}.logo-carousel-free-area#logo-carousel-free-2778 .sp-logo-carousel:not([class*=\"-initialized\"]) > .swiper-wrapper > .swiper-slide {width: 20%;padding-right: 12px;}}<\/style>\n<div id='logo-carousel-free-2778' class=\"logo-carousel-free logo-carousel-free-area sp-lc-container\">\n\t\t\t<div id=\"lcp-preloader-2778\" class=\"sp-logo-carousel-preloader\"><img decoding=\"async\" src=\"https:\/\/bilimtur.com.tr\/wp-content\/plugins\/logo-carousel-free\/admin\/assets\/images\/spinner.svg\" class=\"skip-lazy\" alt=\"Loader Image\"\/><\/div>\n\t\t\t<div id=\"sp-logo-carousel-id-2778\" class=\"swiper-container sp-logo-carousel  lcp-preloader\" dir=\"ltr\" data-carousel='{ \"speed\":600,\"spaceBetween\": 12, \"autoplay\": true, \"infinite\":true, \"autoplay_speed\": 3000, \"stop_onHover\": true, \"pagination\": true, \"navigation\": true, \"MobileNav\": true, \"MobilePagi\": true, \"simulateTouch\": true,\"freeMode\": false,\"swipeToSlide\": false, \"carousel_accessibility\": true,\"adaptiveHeight\": false,\"allowTouchMove\": true, \"slidesPerView\": { \"lg_desktop\": 5, \"desktop\": 4, \"tablet\": 3, \"mobile\": 1, \"mobile_landscape\": 2 } }' data-carousel-starts-onscreen=\"false\">\n\t\t<div class=\"swiper-wrapper\">\n\t\t\t\t<div class=\"swiper-slide\"><div class=\"sp-lc-logo\"><img loading=\"lazy\" decoding=\"async\" src=\"https:\/\/bilimtur.com.tr\/wp-content\/uploads\/2024\/05\/FrancesKing-2-300x300.png\" title=\"\" alt=\"Frances King School of English\" width=\"300\" height=\"300\" class=\"sp-lc-image\"><\/div><\/div>\n\t\t<div class=\"swiper-slide\"><div class=\"sp-lc-logo\"><img loading=\"lazy\" decoding=\"async\" src=\"https:\/\/bilimtur.com.tr\/wp-content\/uploads\/2024\/05\/Kaplan-2-300x300.png\" title=\"\" alt=\"Kaplan\" width=\"300\" height=\"300\" class=\"sp-lc-image\"><\/div><\/div>\n\t\t<div class=\"swiper-slide\"><div class=\"sp-lc-logo\"><img loading=\"lazy\" decoding=\"async\" src=\"https:\/\/bilimtur.com.tr\/wp-content\/uploads\/2024\/05\/Linguaviva-300x300.png\" title=\"\" alt=\"Linguaviva Centre\" width=\"300\" height=\"300\" class=\"sp-lc-image\"><\/div><\/div>\n\t\t<div class=\"swiper-slide\"><div class=\"sp-lc-logo\"><img loading=\"lazy\" decoding=\"async\" src=\"https:\/\/bilimtur.com.tr\/wp-content\/uploads\/2024\/05\/Untitled-design-13-300x300.png\" title=\"\" alt=\"Education First\" width=\"300\" height=\"300\" class=\"sp-lc-image\"><\/div><\/div>\n\t\t<div class=\"swiper-slide\"><div class=\"sp-lc-logo\"><img loading=\"lazy\" decoding=\"async\" src=\"https:\/\/bilimtur.com.tr\/wp-content\/uploads\/2024\/05\/UCLA-2-300x300.png\" title=\"\" alt=\"UCLA Extension\" width=\"300\" height=\"300\" class=\"sp-lc-image\"><\/div><\/div>\n\t\t\t<\/div>\n\n\t\t\t\t\t<div class=\"sp-lc-pagination swiper-pagination dots\"><\/div>\n\t\t\t\t\t\t<div class=\"sp-lc-button-next\"><i class=\"fa fa-angle-right\"><\/i><\/div>\n\t\t\t<div class=\"sp-lc-button-prev\"><i class=\"fa fa-angle-left\"><\/i><\/div>\n\t\t\t\t<\/div>\n<\/div>\n\n<\/div><\/div>\n\n\n\n<div class=\"wp-block-uagb-container uagb-block-d7d1f1a1 alignfull uagb-is-root-container\"><div class=\"uagb-container-inner-blocks-wrap\">\n<div class=\"wp-block-uagb-info-box uagb-block-824f5012 uagb-infobox__content-wrap  uagb-infobox-icon-above-title uagb-infobox-image-valign-top\"><div class=\"uagb-ifb-content\"><div class=\"uagb-ifb-title-wrap\"><h1 class=\"uagb-ifb-title\">Are you ready?<\/h1><\/div><p class=\"uagb-ifb-desc\">Discover how our services can contribute to your success.<\/p><div class=\"uagb-ifb-button-wrapper wp-block-button\"><a href=\"https:\/\/bilimtur.com.tr\/en\/iletisim\/\" class=\"uagb-infobox-cta-link wp-block-button__link\" target=\"_self\" rel=\"noopener noreferrer\" onclick=\"return true;\"><span class=\"uagb-inline-editing\">Contact Us<\/span><\/a><\/div><\/div><\/div>\n<\/div><\/div>","protected":false},"excerpt":{"rendered":"<p>HAKKIMIZDA Uzman Dan\u0131\u015fmanl\u0131k ile Akademik ve Kariyer Hedeflerinize Ula\u015fman\u0131z\u0131 Sa\u011fl\u0131yorz Hikayemiz Bilimtur Uluslararas\u0131 E\u011fitim Dan\u0131\u015fmanl\u0131\u011f\u0131, 2005 y\u0131l\u0131nda, \u00f6\u011frenci ve profesyonellere akademik ve kariyer hedeflerine ula\u015fmalar\u0131nda rehberlik etmek amac\u0131yla kuruldu. Yurt d\u0131\u015f\u0131 e\u011fitim programlar\u0131 konusunda uzmanla\u015fm\u0131\u015f \u00f6nde gelen e\u011fitim dan\u0131\u015fmanl\u0131\u011f\u0131 olarak, \u00fcniversite yerle\u015ftirmeleri, yaz okulu progamlar\u0131 ve kapsaml\u0131 dan\u0131\u015fmanl\u0131k hizmetleri sunuyoruz. Deneyimimiz Yirmi y\u0131l\u0131 a\u015fk\u0131n tecr\u00fcbemizle, [&hellip;]<\/p>","protected":false},"author":1,"featured_media":0,"parent":0,"menu_order":0,"comment_status":"closed","ping_status":"closed","template":"","meta":{"_uag_custom_page_level_css":"","site-sidebar-layout":"no-sidebar","site-content-layout":"page-builder","ast-site-content-layout":"full-width-container","site-content-style":"unboxed","site-sidebar-style":"unboxed","ast-global-header-display":"","ast-banner-title-visibility":"","ast-main-header-display":"","ast-hfb-above-header-display":"","ast-hfb-below-header-display":"","ast-hfb-mobile-header-display":"","site-post-title":"disabled","ast-breadcrumbs-content":"","ast-featured-img":"disabled","footer-sml-layout":"","theme-transparent-header-meta":"enabled","adv-header-id-meta":"","stick-header-meta":"","header-above-stick-meta":"","header-main-stick-meta":"","header-below-stick-meta":"","astra-migrate-meta-layouts":"set","ast-page-background-enabled":"default","ast-page-background-meta":{"desktop":{"background-color":"var(--ast-global-color-4)","background-image":"","background-repeat":"repeat","background-position":"center center","background-size":"auto","background-attachment":"scroll","background-type":"","background-media":"","overlay-type":"","overlay-color":"","overlay-opacity":"","overlay-gradient":""},"tablet":{"background-color":"","background-image":"","background-repeat":"repeat","background-position":"center center","background-size":"auto","background-attachment":"scroll","background-type":"","background-media":"","overlay-type":"","overlay-color":"","overlay-opacity":"","overlay-gradient":""},"mobile":{"background-color":"","background-image":"","background-repeat":"repeat","background-position":"center center","background-size":"auto","background-attachment":"scroll","background-type":"","background-media":"","overlay-type":"","overlay-color":"","overlay-opacity":"","overlay-gradient":""}},"ast-content-background-meta":{"desktop":{"background-color":"var(--ast-global-color-5)","background-image":"","background-repeat":"repeat","background-position":"center center","background-size":"auto","background-attachment":"scroll","background-type":"","background-media":"","overlay-type":"","overlay-color":"","overlay-opacity":"","overlay-gradient":""},"tablet":{"background-color":"var(--ast-global-color-5)","background-image":"","background-repeat":"repeat","background-position":"center center","background-size":"auto","background-attachment":"scroll","background-type":"","background-media":"","overlay-type":"","overlay-color":"","overlay-opacity":"","overlay-gradient":""},"mobile":{"background-color":"var(--ast-global-color-5)","background-image":"","background-repeat":"repeat","background-position":"center center","background-size":"auto","background-attachment":"scroll","background-type":"","background-media":"","overlay-type":"","overlay-color":"","overlay-opacity":"","overlay-gradient":""}},"footnotes":""},"class_list":["post-1393","page","type-page","status-publish","hentry"],"aioseo_notices":[],"uagb_featured_image_src":{"full":false,"thumbnail":false,"medium":false,"medium_large":false,"large":false,"1536x1536":false,"2048x2048":false,"trp-custom-language-flag":false},"uagb_author_info":{"display_name":"bilimtur.com.tr","author_link":"https:\/\/bilimtur.com.tr\/en\/author\/seagreen-gorilla-661121-hostingersite-com\/"},"uagb_comment_info":0,"uagb_excerpt":"HAKKIMIZDA Uzman Dan\u0131\u015fmanl\u0131k ile Akademik ve Kariyer Hedeflerinize Ula\u015fman\u0131z\u0131 Sa\u011fl\u0131yorz Hikayemiz Bilimtur Uluslararas\u0131 E\u011fitim Dan\u0131\u015fmanl\u0131\u011f\u0131, 2005 y\u0131l\u0131nda, \u00f6\u011frenci ve profesyonellere akademik ve kariyer hedeflerine ula\u015fmalar\u0131nda rehberlik etmek amac\u0131yla kuruldu. Yurt d\u0131\u015f\u0131 e\u011fitim programlar\u0131 konusunda uzmanla\u015fm\u0131\u015f \u00f6nde gelen e\u011fitim dan\u0131\u015fmanl\u0131\u011f\u0131 olarak, \u00fcniversite yerle\u015ftirmeleri, yaz okulu progamlar\u0131 ve kapsaml\u0131 dan\u0131\u015fmanl\u0131k hizmetleri sunuyoruz. Deneyimimiz Yirmi y\u0131l\u0131 a\u015fk\u0131n tecr\u00fcbemizle,&hellip;","_links":{"self":[{"href":"https:\/\/bilimtur.com.tr\/en\/wp-json\/wp\/v2\/pages\/1393","targetHints":{"allow":["GET"]}}],"collection":[{"href":"https:\/\/bilimtur.com.tr\/en\/wp-json\/wp\/v2\/pages"}],"about":[{"href":"https:\/\/bilimtur.com.tr\/en\/wp-json\/wp\/v2\/types\/page"}],"author":[{"embeddable":true,"href":"https:\/\/bilimtur.com.tr\/en\/wp-json\/wp\/v2\/users\/1"}],"replies":[{"embeddable":true,"href":"https:\/\/bilimtur.com.tr\/en\/wp-json\/wp\/v2\/comments?post=1393"}],"version-history":[{"count":8,"href":"https:\/\/bilimtur.com.tr\/en\/wp-json\/wp\/v2\/pages\/1393\/revisions"}],"predecessor-version":[{"id":3199,"href":"https:\/\/bilimtur.com.tr\/en\/wp-json\/wp\/v2\/pages\/1393\/revisions\/3199"}],"wp:attachment":[{"href":"https:\/\/bilimtur.com.tr\/en\/wp-json\/wp\/v2\/media?parent=1393"}],"curies":[{"name":"wp","href":"https:\/\/api.w.org\/{rel}","templated":true}]}}